{"id":51628,"date":"2024-02-09T08:57:15","date_gmt":"2024-02-09T08:57:15","guid":{"rendered":"https:\/\/www.bypillow.com\/?page_id=51628"},"modified":"2024-04-25T08:12:59","modified_gmt":"2024-04-25T08:12:59","slug":"allgemeine-geschaeftsbedingungen-des-byp-clubs","status":"publish","type":"page","link":"https:\/\/www.bypillow.com\/de\/allgemeine-geschaeftsbedingungen-des-byp-clubs\/","title":{"rendered":"Allgemeine Gesch\u00e4ftsbedingungen des BYP-Clubs"},"content":{"rendered":"\t\t<div data-elementor-type=\"wp-page\" data-elementor-id=\"51628\" class=\"elementor elementor-51628 elementor-47647\" data-elementor-post-type=\"page\">\n\t\t\t\t\t\t<section class=\"elementor-section elementor-top-section elementor-element elementor-element-e50e1fd elementor-section-boxed elementor-section-height-default elementor-section-height-default\" data-id=\"e50e1fd\" data-element_type=\"section\">\n\t\t\t\t\t\t<div class=\"elementor-container elementor-column-gap-default\">\n\t\t\t\t\t<div class=\"elementor-column elementor-col-100 elementor-top-column elementor-element elementor-element-6b5e875\" data-id=\"6b5e875\" data-element_type=\"column\">\n\t\t\t<div class=\"elementor-widget-wrap elementor-element-populated\">\n\t\t\t\t\t\t<div class=\"elementor-element elementor-element-3719926 elementor-widget elementor-widget-heading\" data-id=\"3719926\" data-element_type=\"widget\" data-widget_type=\"heading.default\">\n\t\t\t\t<div class=\"elementor-widget-container\">\n\t\t\t\t\t<h1 class=\"elementor-heading-title elementor-size-default\">Allgemeine Gesch\u00e4ftsbedingungen des BYP Clubs<\/h1>\t\t\t\t<\/div>\n\t\t\t\t<\/div>\n\t\t\t\t<div class=\"elementor-element elementor-element-74aee88 elementor-widget elementor-widget-text-editor\" data-id=\"74aee88\" data-element_type=\"widget\" data-widget_type=\"text-editor.default\">\n\t\t\t\t<div class=\"elementor-widget-container\">\n\t\t\t\t\t\t\t\t\t<h2 style=\"text-align: justify;\"><strong>DATENSCHUTZ<\/strong><\/h2><p>Pillow Hotels S.L. informiert Sie, dass alle pers\u00f6nlichen Daten, die \u00fcber ein Formular auf dieser Website eingehen, streng vertraulich behandelt werden, entsprechend der Datenschutz- und Sicherheitsrichtlinie der Einrichtung sowie dem Datenschutzgesetz 15\/1999 vom 13. Dezember. Diese Daten werden in einer Datei aufgenommen, die im Allgemeinen Register der Datenschutzagentur eingetragen ist. Der Hauptzweck ihrer Erstellung, Existenz und Wartung ist die Verarbeitung personenbezogener Daten, um die \u00fcber diese Website get\u00e4tigten Unterkunftsreservierungen verwalten oder Werbemitteilungen versenden zu k\u00f6nnen.<\/p><p>Empf\u00e4nger der Informationen sind alle zugeh\u00f6rigen, registrierten, berechtigten und kooperierenden Personen aller Abteilungen und Einheiten, in denen die Einrichtung organisiert ist, sowie die offiziellen Stellen, die gesetzlich eine \u00dcbermittlung verlangen. Durch das Absenden des Formulars gibt der Absender seine Zustimmung zur automatischen und dokumentarischen Verarbeitung der Daten in unserer Datenbank. Wir informieren Sie, dass wir einige Ihrer pers\u00f6nlichen Daten mit Dritten teilen k\u00f6nnen und dass diese sich per E-Mail mit Ihnen in Verbindung setzen k\u00f6nnen, um sich nach Ihrer Zufriedenheit zu erkundigen oder Feedback zu Ihrem Hotelaufenthalt einzuholen. Sie haben das Recht auf Zugang, Berichtigung und L\u00f6schung Ihrer Daten sowie auf Mitteilung jeglicher \u00c4nderungen oder Modifikationen.<\/p><p>Um diese Rechte auszu\u00fcben und f\u00fcr weitere Kl\u00e4rungen, k\u00f6nnen Sie eine E-Mail an eines der BYPILLOW Hotels senden.<\/p><h2>BEDINGUNGEN<\/h2><p>Der CLUB BYP ist das Treueprogramm von Pillow Hotels S.L. und gilt f\u00fcr alle Hotels, die auf der offiziellen Website <a href=\"https:\/\/www.bypillow.com\/\" target=\"_new\">www.bypillow.com<\/a> beworben werden. Das Programm und seine Vorteile werden von den Gesellschaften von Pillow Hotels S.L., CIF B66964255 mit Sitz in Pz Francesc Maci\u00e0 Num 4. P.4 PTA 1, Barcelona 08021, angeboten. Die im Treueprogramm Club BYP enthaltenen Aktionen und Vorteile gelten ausschlie\u00dflich f\u00fcr Buchungen, die \u00fcber die offizielle Website <a href=\"https:\/\/www.bypillow.com\/\" target=\"_new\">www.bypillow.com<\/a> get\u00e4tigt werden.<\/p><p>Die Aktionen und Vorteile gelten f\u00fcr die Standardtarife des Hotels und k\u00f6nnen nicht mit anderen verf\u00fcgbaren Aktionen kombiniert werden, es sei denn, es wird anders angegeben.<\/p><p>Die Registrierung im Club BYP Programm bedeutet die Zustimmung des Benutzers zu den Bedingungen und Klauseln des Programms.<\/p><p>Mitglieder des Club BYP m\u00fcssen \u00fcber 18 Jahre alt sein.<\/p><p>Pillow Hotels S.L. beh\u00e4lt sich das Recht vor, Aktionen, Vorteile und Bedingungen des Programms ohne Vorank\u00fcndigung zu \u00e4ndern oder zu stornieren.<\/p><p>Die Registrierung im Club BYP Programm bedeutet die Zustimmung des Benutzers\/ Mitglieds zur Verarbeitung seiner Daten und zum Empfang von kommerziellen und\/oder informativen Mitteilungen von Pillow Hotels S.L.<\/p><p>Der Benutzer\/ Mitglied hat das Recht auf Zugang, Berichtigung und L\u00f6schung seiner Daten sowie auf Mitteilung jeglicher \u00c4nderungen oder Modifikationen. Um diese Rechte auszu\u00fcben und f\u00fcr weitere Kl\u00e4rungen, k\u00f6nnen Sie eine E-Mail an <a target=\"_new\">info@bypillow.com<\/a> senden. Der Benutzer kann sich jederzeit \u00fcber den Benutzerbereich des Club BYP, der \u00fcber die Website <a href=\"https:\/\/www.bypillow.com\/\" target=\"_new\">www.bypillow.com<\/a> zug\u00e4nglich ist, abmelden.<\/p><p>Die N\u00e4chte des Club BYP Programms k\u00f6nnen nicht auf eine andere Person \u00fcbertragen werden.<\/p><p>Wenn ein Clubmitglied innerhalb eines Zeitraums von 24 Monaten keine Reservierungen vornimmt, wird der urspr\u00fcngliche Clubstatus wiederhergestellt.<\/p><p>Pillow Hotels SL haftet nicht f\u00fcr die Unm\u00f6glichkeit, das Club BYP Programm aufgrund h\u00f6herer Gewalt oder gesetzlicher Auflagen durchzuf\u00fchren.<\/p><p>\u00a0<\/p>\t\t\t\t\t\t\t\t<\/div>\n\t\t\t\t<\/div>\n\t\t\t\t\t<\/div>\n\t\t<\/div>\n\t\t\t\t\t<\/div>\n\t\t<\/section>\n\t\t\t\t<\/div>\n\t\t","protected":false},"excerpt":{"rendered":"<p>Allgemeine Gesch\u00e4ftsbedingungen des BYP Clubs DATENSCHUTZ Pillow Hotels S.L. informiert Sie, dass alle pers\u00f6nlichen Daten, die \u00fcber ein Formular auf dieser Website eingehen, streng vertraulich behandelt werden, entsprechend der Datenschutz- und Sicherheitsrichtlinie der Einrichtung sowie dem Datenschutzgesetz 15\/1999 vom 13. Dezember. Diese Daten werden in einer Datei aufgenommen, die im Allgemeinen Register der Datenschutzagentur eingetragen [&hellip;]<\/p>\n","protected":false},"author":2,"featured_media":0,"parent":0,"menu_order":0,"comment_status":"closed","ping_status":"closed","template":"","meta":{"_acf_changed":false,"site-sidebar-layout":"no-sidebar","site-content-layout":"page-builder","ast-site-content-layout":"full-width-container","site-content-style":"default","site-sidebar-style":"default","ast-global-header-display":"","ast-banner-title-visibility":"","ast-main-header-display":"","ast-hfb-above-header-display":"","ast-hfb-below-header-display":"","ast-hfb-mobile-header-display":"","site-post-title":"disabled","ast-breadcrumbs-content":"","ast-featured-img":"disabled","footer-sml-layout":"","theme-transparent-header-meta":"","adv-header-id-meta":"","stick-header-meta":"","header-above-stick-meta":"","header-main-stick-meta":"","header-below-stick-meta":"","astra-migrate-meta-layouts":"set","ast-page-background-enabled":"default","ast-page-background-meta":{"desktop":{"background-color":"","background-image":"","background-repeat":"repeat","background-position":"center center","background-size":"auto","background-attachment":"scroll","background-type":"","background-media":"","overlay-type":"","overlay-color":"","overlay-opacity":"","overlay-gradient":""},"tablet":{"background-color":"","background-image":"","background-repeat":"repeat","background-position":"center center","background-size":"auto","background-attachment":"scroll","background-type":"","background-media":"","overlay-type":"","overlay-color":"","overlay-opacity":"","overlay-gradient":""},"mobile":{"background-color":"","background-image":"","background-repeat":"repeat","background-position":"center center","background-size":"auto","background-attachment":"scroll","background-type":"","background-media":"","overlay-type":"","overlay-color":"","overlay-opacity":"","overlay-gradient":""}},"ast-content-background-meta":{"desktop":{"background-color":"var(--ast-global-color-5)","background-image":"","background-repeat":"repeat","background-position":"center center","background-size":"auto","background-attachment":"scroll","background-type":"","background-media":"","overlay-type":"","overlay-color":"","overlay-opacity":"","overlay-gradient":""},"tablet":{"background-color":"var(--ast-global-color-5)","background-image":"","background-repeat":"repeat","background-position":"center center","background-size":"auto","background-attachment":"scroll","background-type":"","background-media":"","overlay-type":"","overlay-color":"","overlay-opacity":"","overlay-gradient":""},"mobile":{"background-color":"var(--ast-global-color-5)","background-image":"","background-repeat":"repeat","background-position":"center center","background-size":"auto","background-attachment":"scroll","background-type":"","background-media":"","overlay-type":"","overlay-color":"","overlay-opacity":"","overlay-gradient":""}},"footnotes":""},"class_list":["post-51628","page","type-page","status-publish","hentry"],"acf":[],"_links":{"self":[{"href":"https:\/\/www.bypillow.com\/de\/wp-json\/wp\/v2\/pages\/51628","targetHints":{"allow":["GET"]}}],"collection":[{"href":"https:\/\/www.bypillow.com\/de\/wp-json\/wp\/v2\/pages"}],"about":[{"href":"https:\/\/www.bypillow.com\/de\/wp-json\/wp\/v2\/types\/page"}],"author":[{"embeddable":true,"href":"https:\/\/www.bypillow.com\/de\/wp-json\/wp\/v2\/users\/2"}],"replies":[{"embeddable":true,"href":"https:\/\/www.bypillow.com\/de\/wp-json\/wp\/v2\/comments?post=51628"}],"version-history":[{"count":0,"href":"https:\/\/www.bypillow.com\/de\/wp-json\/wp\/v2\/pages\/51628\/revisions"}],"wp:attachment":[{"href":"https:\/\/www.bypillow.com\/de\/wp-json\/wp\/v2\/media?parent=51628"}],"curies":[{"name":"wp","href":"https:\/\/api.w.org\/{rel}","templated":true}]}}