{"id":51729,"date":"2023-06-16T07:15:36","date_gmt":"2023-06-16T07:15:36","guid":{"rendered":"https:\/\/www.bypillow.com\/?page_id=51729"},"modified":"2024-03-01T09:15:03","modified_gmt":"2024-03-01T09:15:03","slug":"management-bypillow","status":"publish","type":"page","link":"https:\/\/www.bypillow.com\/de\/management-bypillow\/","title":{"rendered":"Management BYPILLOW"},"content":{"rendered":"\t\t<div data-elementor-type=\"wp-page\" data-elementor-id=\"51729\" class=\"elementor elementor-51729 elementor-25292\" data-elementor-post-type=\"page\">\n\t\t\t\t\t\t<section class=\"elementor-section elementor-top-section elementor-element elementor-element-827f9a0 elementor-section-boxed elementor-section-height-default elementor-section-height-default\" data-id=\"827f9a0\" data-element_type=\"section\">\n\t\t\t\t\t\t<div class=\"elementor-container elementor-column-gap-default\">\n\t\t\t\t\t<div class=\"elementor-column elementor-col-100 elementor-top-column elementor-element elementor-element-1971fe3\" data-id=\"1971fe3\" data-element_type=\"column\">\n\t\t\t<div class=\"elementor-widget-wrap elementor-element-populated\">\n\t\t\t\t\t\t<div class=\"elementor-element elementor-element-abf320a elementor-widget elementor-widget-heading\" data-id=\"abf320a\" data-element_type=\"widget\" data-widget_type=\"heading.default\">\n\t\t\t\t<div class=\"elementor-widget-container\">\n\t\t\t\t\t<h2 class=\"elementor-heading-title elementor-size-default\">\u00dcber Uns - Wir sind BYPILLOW<\/h2>\t\t\t\t<\/div>\n\t\t\t\t<\/div>\n\t\t\t\t<div class=\"elementor-element elementor-element-330f924 elementor-widget elementor-widget-text-editor\" data-id=\"330f924\" data-element_type=\"widget\" data-widget_type=\"text-editor.default\">\n\t\t\t\t<div class=\"elementor-widget-container\">\n\t\t\t\t\t\t\t\t\t<p>Bei BYPILLOW sind wir stolz darauf, als Pioniere im Bereich der Boutique-Hostels zu gelten. Unser innovatives Management- oder Mietmodell hebt die Qualit\u00e4t touristischer Unterk\u00fcnfte, insbesondere von Hostels, Pensionen und Boutique-Hotels, auf ein neues Niveau. Unser Geheimnis? Eine ganzheitliche Verbesserung, die sowohl das Angebot als auch das kommerzielle und wirtschaftliche Management umfasst.<\/p><p>Wir verf\u00fcgen \u00fcber ein Team mit gro\u00dfer Erfahrung in der Verwaltung dieser Art von Einrichtungen und nutzen sehr ausgefeilte Verfahren, mit denen wir Einnahmen und Kosten optimieren k\u00f6nnen. Auf diese Weise verbessern wir die Rentabilit\u00e4t kleiner Einrichtungen, die aufgrund ihrer Gr\u00f6\u00dfe oft gr\u00f6\u00dfere Schwierigkeiten haben, Gewinne zu erzielen.<\/p><p>BYPILLOW ist flexibel hinsichtlich der Zusammenarbeitsm\u00f6glichkeiten mit den Eigent\u00fcmern einer Einrichtung. Es kann sich um eine Vermietung, eine Renovierung, eine umfassende Verwaltung oder lediglich um die Verwaltung bestimmter Bereiche handeln (Einnahmenmanagement, Vermarktung, Kostenmanagement, Qualit\u00e4t usw.).<\/p><p>Wenn Sie nach einem Manager suchen, der Ihnen sowohl in verschiedenen Bereichen der Verwaltung Ihres Hostels, Ihrer Pension oder Ihres Boutique-Hotels als auch in der kompletten Verwaltung helfen kann, ist BYPILLOW eine ausgezeichnete Wahl, die durch die Einrichtungen, die wir bereits betreiben, best\u00e4tigt wird.<\/p>\t\t\t\t\t\t\t\t<\/div>\n\t\t\t\t<\/div>\n\t\t\t\t\t<\/div>\n\t\t<\/div>\n\t\t\t\t\t<\/div>\n\t\t<\/section>\n\t\t\t\t<section class=\"elementor-section elementor-top-section elementor-element elementor-element-cdba4fa elementor-section-full_width elementor-section-stretched elementor-section-height-default elementor-section-height-default\" data-id=\"cdba4fa\" data-element_type=\"section\" data-settings=\"{&quot;stretch_section&quot;:&quot;section-stretched&quot;,&quot;background_background&quot;:&quot;classic&quot;}\">\n\t\t\t\t\t\t<div class=\"elementor-container elementor-column-gap-default\">\n\t\t\t\t\t<div class=\"elementor-column elementor-col-100 elementor-top-column elementor-element elementor-element-5e0b0bf\" data-id=\"5e0b0bf\" data-element_type=\"column\">\n\t\t\t<div class=\"elementor-widget-wrap elementor-element-populated\">\n\t\t\t\t\t\t<section class=\"elementor-section elementor-inner-section elementor-element elementor-element-5bca6a3 elementor-section-boxed elementor-section-height-default elementor-section-height-default\" data-id=\"5bca6a3\" data-element_type=\"section\">\n\t\t\t\t\t\t<div class=\"elementor-container elementor-column-gap-default\">\n\t\t\t\t\t<div class=\"elementor-column elementor-col-25 elementor-inner-column elementor-element elementor-element-342ade9\" data-id=\"342ade9\" data-element_type=\"column\">\n\t\t\t<div class=\"elementor-widget-wrap elementor-element-populated\">\n\t\t\t\t\t\t<div class=\"elementor-element elementor-element-a2f55e0 elementor-view-default elementor-widget elementor-widget-icon\" data-id=\"a2f55e0\" data-element_type=\"widget\" data-widget_type=\"icon.default\">\n\t\t\t\t<div class=\"elementor-widget-container\">\n\t\t\t\t\t\t\t<div class=\"elementor-icon-wrapper\">\n\t\t\t<div class=\"elementor-icon\">\n\t\t\t<i aria-hidden=\"true\" class=\"fas fa-bullhorn\"><\/i>\t\t\t<\/div>\n\t\t<\/div>\n\t\t\t\t\t\t<\/div>\n\t\t\t\t<\/div>\n\t\t\t\t<div class=\"elementor-element elementor-element-b779cb4 elementor-widget elementor-widget-heading\" data-id=\"b779cb4\" data-element_type=\"widget\" data-widget_type=\"heading.default\">\n\t\t\t\t<div class=\"elementor-widget-container\">\n\t\t\t\t\t<p class=\"elementor-heading-title elementor-size-medium\">Sales \/ Marketing<\/p>\t\t\t\t<\/div>\n\t\t\t\t<\/div>\n\t\t\t\t\t<\/div>\n\t\t<\/div>\n\t\t\t\t<div class=\"elementor-column elementor-col-25 elementor-inner-column elementor-element elementor-element-375e234\" data-id=\"375e234\" data-element_type=\"column\">\n\t\t\t<div class=\"elementor-widget-wrap elementor-element-populated\">\n\t\t\t\t\t\t<div class=\"elementor-element elementor-element-33a602e elementor-view-default elementor-widget elementor-widget-icon\" data-id=\"33a602e\" data-element_type=\"widget\" data-widget_type=\"icon.default\">\n\t\t\t\t<div class=\"elementor-widget-container\">\n\t\t\t\t\t\t\t<div class=\"elementor-icon-wrapper\">\n\t\t\t<div class=\"elementor-icon\">\n\t\t\t<i aria-hidden=\"true\" class=\"fas fa-users\"><\/i>\t\t\t<\/div>\n\t\t<\/div>\n\t\t\t\t\t\t<\/div>\n\t\t\t\t<\/div>\n\t\t\t\t<div class=\"elementor-element elementor-element-ad3fa25 elementor-widget elementor-widget-heading\" data-id=\"ad3fa25\" data-element_type=\"widget\" data-widget_type=\"heading.default\">\n\t\t\t\t<div class=\"elementor-widget-container\">\n\t\t\t\t\t<p class=\"elementor-heading-title elementor-size-medium\">Administration \/ HR<\/p>\t\t\t\t<\/div>\n\t\t\t\t<\/div>\n\t\t\t\t\t<\/div>\n\t\t<\/div>\n\t\t\t\t<div class=\"elementor-column elementor-col-25 elementor-inner-column elementor-element elementor-element-0b75a30\" data-id=\"0b75a30\" data-element_type=\"column\">\n\t\t\t<div class=\"elementor-widget-wrap elementor-element-populated\">\n\t\t\t\t\t\t<div class=\"elementor-element elementor-element-23ca765 elementor-view-default elementor-widget elementor-widget-icon\" data-id=\"23ca765\" data-element_type=\"widget\" data-widget_type=\"icon.default\">\n\t\t\t\t<div class=\"elementor-widget-container\">\n\t\t\t\t\t\t\t<div class=\"elementor-icon-wrapper\">\n\t\t\t<div class=\"elementor-icon\">\n\t\t\t<i aria-hidden=\"true\" class=\"fas fa-rocket\"><\/i>\t\t\t<\/div>\n\t\t<\/div>\n\t\t\t\t\t\t<\/div>\n\t\t\t\t<\/div>\n\t\t\t\t<div class=\"elementor-element elementor-element-7d7b1e7 elementor-widget elementor-widget-heading\" data-id=\"7d7b1e7\" data-element_type=\"widget\" data-widget_type=\"heading.default\">\n\t\t\t\t<div class=\"elementor-widget-container\">\n\t\t\t\t\t<p class=\"elementor-heading-title elementor-size-medium\">Entwicklung \/ Operations<\/p>\t\t\t\t<\/div>\n\t\t\t\t<\/div>\n\t\t\t\t\t<\/div>\n\t\t<\/div>\n\t\t\t\t<div class=\"elementor-column elementor-col-25 elementor-inner-column elementor-element elementor-element-1af4c49\" data-id=\"1af4c49\" data-element_type=\"column\">\n\t\t\t<div class=\"elementor-widget-wrap elementor-element-populated\">\n\t\t\t\t\t\t<div class=\"elementor-element elementor-element-fe96b23 elementor-view-default elementor-widget elementor-widget-icon\" data-id=\"fe96b23\" data-element_type=\"widget\" data-widget_type=\"icon.default\">\n\t\t\t\t<div class=\"elementor-widget-container\">\n\t\t\t\t\t\t\t<div class=\"elementor-icon-wrapper\">\n\t\t\t<div class=\"elementor-icon\">\n\t\t\t<i aria-hidden=\"true\" class=\"fas fa-paint-brush\"><\/i>\t\t\t<\/div>\n\t\t<\/div>\n\t\t\t\t\t\t<\/div>\n\t\t\t\t<\/div>\n\t\t\t\t<div class=\"elementor-element elementor-element-e962dbe elementor-widget elementor-widget-heading\" data-id=\"e962dbe\" data-element_type=\"widget\" data-widget_type=\"heading.default\">\n\t\t\t\t<div class=\"elementor-widget-container\">\n\t\t\t\t\t<p class=\"elementor-heading-title elementor-size-medium\">Bauarbeiten \/ Innenarchitektur<\/p>\t\t\t\t<\/div>\n\t\t\t\t<\/div>\n\t\t\t\t\t<\/div>\n\t\t<\/div>\n\t\t\t\t\t<\/div>\n\t\t<\/section>\n\t\t\t\t\t<\/div>\n\t\t<\/div>\n\t\t\t\t\t<\/div>\n\t\t<\/section>\n\t\t\t\t<section class=\"elementor-section elementor-top-section elementor-element elementor-element-a988367 elementor-section-boxed elementor-section-height-default elementor-section-height-default\" data-id=\"a988367\" data-element_type=\"section\">\n\t\t\t\t\t\t<div class=\"elementor-container elementor-column-gap-default\">\n\t\t\t\t\t<div class=\"elementor-column elementor-col-100 elementor-top-column elementor-element elementor-element-2978edf\" data-id=\"2978edf\" data-element_type=\"column\">\n\t\t\t<div class=\"elementor-widget-wrap elementor-element-populated\">\n\t\t\t\t\t\t<div class=\"elementor-element elementor-element-cf19ac9 elementor-widget elementor-widget-heading\" data-id=\"cf19ac9\" data-element_type=\"widget\" data-widget_type=\"heading.default\">\n\t\t\t\t<div class=\"elementor-widget-container\">\n\t\t\t\t\t<h2 class=\"elementor-heading-title elementor-size-default\">Standards - BYPILLOW<\/h2>\t\t\t\t<\/div>\n\t\t\t\t<\/div>\n\t\t\t\t<section class=\"elementor-section elementor-inner-section elementor-element elementor-element-e73b4d4 elementor-section-boxed elementor-section-height-default elementor-section-height-default\" data-id=\"e73b4d4\" data-element_type=\"section\" data-settings=\"{&quot;background_background&quot;:&quot;classic&quot;}\">\n\t\t\t\t\t\t<div class=\"elementor-container elementor-column-gap-custom\">\n\t\t\t\t\t<div class=\"elementor-column elementor-col-50 elementor-inner-column elementor-element elementor-element-d575a43\" data-id=\"d575a43\" data-element_type=\"column\">\n\t\t\t<div class=\"elementor-widget-wrap elementor-element-populated\">\n\t\t\t\t\t\t<div class=\"elementor-element elementor-element-77fc252 elementor-widget elementor-widget-heading\" data-id=\"77fc252\" data-element_type=\"widget\" data-widget_type=\"heading.default\">\n\t\t\t\t<div class=\"elementor-widget-container\">\n\t\t\t\t\t<h2 class=\"elementor-heading-title elementor-size-medium\">Sales \/ Marketing<\/h2>\t\t\t\t<\/div>\n\t\t\t\t<\/div>\n\t\t\t\t<div class=\"elementor-element elementor-element-528309a elementor-widget elementor-widget-text-editor\" data-id=\"528309a\" data-element_type=\"widget\" data-widget_type=\"text-editor.default\">\n\t\t\t\t<div class=\"elementor-widget-container\">\n\t\t\t\t\t\t\t\t\t<ul><li style=\"text-align: justify;\">Revenue Management: mit Werkzeugen zur Optimierung der Preise und Verbesserung der Rentabilit\u00e4t.<\/li><li style=\"text-align: justify;\">Online-Verkauf und -Vertrieb: Analysieren Sie die besten Vertriebskan\u00e4le und erstellen Sie je nach Marktbedarf Werbe- und Verkaufskampagnen. Optimierung der Inhalte in allen Vertriebskan\u00e4len.<\/li><li style=\"text-align: justify;\">Vertrieb \u00fcber die eigene Website: Analyse von E-Marketing-Aktionen und Entwicklung von SEM-Kampagnen.<br \/>Online-Reputation und soziale Netzwerke<\/li><\/ul>\t\t\t\t\t\t\t\t<\/div>\n\t\t\t\t<\/div>\n\t\t\t\t\t<\/div>\n\t\t<\/div>\n\t\t\t\t<div class=\"elementor-column elementor-col-50 elementor-inner-column elementor-element elementor-element-87dd691\" data-id=\"87dd691\" data-element_type=\"column\">\n\t\t\t<div class=\"elementor-widget-wrap elementor-element-populated\">\n\t\t\t\t\t\t<div class=\"elementor-element elementor-element-168cfef elementor-widget elementor-widget-heading\" data-id=\"168cfef\" data-element_type=\"widget\" data-widget_type=\"heading.default\">\n\t\t\t\t<div class=\"elementor-widget-container\">\n\t\t\t\t\t<h2 class=\"elementor-heading-title elementor-size-medium\">Entwicklung \/ Operations<\/h2>\t\t\t\t<\/div>\n\t\t\t\t<\/div>\n\t\t\t\t<div class=\"elementor-element elementor-element-9529ca0 elementor-widget elementor-widget-text-editor\" data-id=\"9529ca0\" data-element_type=\"widget\" data-widget_type=\"text-editor.default\">\n\t\t\t\t<div class=\"elementor-widget-container\">\n\t\t\t\t\t\t\t\t\t<ul><li style=\"text-align: justify;\">Analytische Kontrolle der monatlichen\/j\u00e4hrlichen Verwaltung, um Abweichungen festzustellen.<\/li><li style=\"text-align: justify;\">Parametrisierung der Kennziffern nach Wohnheimgruppen.<\/li><li style=\"text-align: justify;\">Erstellung von Jahresbudgets<\/li><li style=\"text-align: justify;\">Identifizierung von Abweichungen und Beratung \u00fcber Korrekturma\u00dfnahmen.<br \/>Extraktion der Verbrauchskennzahlen nach Artikeln und Vergleiche mit \u00e4hnlichen Einrichtungen.<\/li><li style=\"text-align: justify;\">Beratung zu Prozessen.<\/li><\/ul>\t\t\t\t\t\t\t\t<\/div>\n\t\t\t\t<\/div>\n\t\t\t\t\t<\/div>\n\t\t<\/div>\n\t\t\t\t\t<\/div>\n\t\t<\/section>\n\t\t\t\t<div class=\"elementor-element elementor-element-90dffaa elementor-widget elementor-widget-spacer\" data-id=\"90dffaa\" data-element_type=\"widget\" data-widget_type=\"spacer.default\">\n\t\t\t\t<div class=\"elementor-widget-container\">\n\t\t\t\t\t\t\t<div class=\"elementor-spacer\">\n\t\t\t<div class=\"elementor-spacer-inner\"><\/div>\n\t\t<\/div>\n\t\t\t\t\t\t<\/div>\n\t\t\t\t<\/div>\n\t\t\t\t<section class=\"elementor-section elementor-inner-section elementor-element elementor-element-41c4242 elementor-section-boxed elementor-section-height-default elementor-section-height-default\" data-id=\"41c4242\" data-element_type=\"section\" data-settings=\"{&quot;background_background&quot;:&quot;classic&quot;}\">\n\t\t\t\t\t\t<div class=\"elementor-container elementor-column-gap-custom\">\n\t\t\t\t\t<div class=\"elementor-column elementor-col-50 elementor-inner-column elementor-element elementor-element-cf801e5\" data-id=\"cf801e5\" data-element_type=\"column\">\n\t\t\t<div class=\"elementor-widget-wrap elementor-element-populated\">\n\t\t\t\t\t\t<div class=\"elementor-element elementor-element-712d2df elementor-widget elementor-widget-heading\" data-id=\"712d2df\" data-element_type=\"widget\" data-widget_type=\"heading.default\">\n\t\t\t\t<div class=\"elementor-widget-container\">\n\t\t\t\t\t<h2 class=\"elementor-heading-title elementor-size-medium\">Administration \/ HR<\/h2>\t\t\t\t<\/div>\n\t\t\t\t<\/div>\n\t\t\t\t<div class=\"elementor-element elementor-element-f326749 elementor-widget elementor-widget-text-editor\" data-id=\"f326749\" data-element_type=\"widget\" data-widget_type=\"text-editor.default\">\n\t\t\t\t<div class=\"elementor-widget-container\">\n\t\t\t\t\t\t\t\t\t<ul><li>Personalauswahlverfahren<\/li><li>Entwicklung von Ausbildungspl\u00e4nen<\/li><li>Aufstellung von Budgets und Folgema\u00dfnahmen<\/li><li>Betriebsklima-Analyse<\/li><li>Vorbeugung von Berufsrisiken<\/li><\/ul>\t\t\t\t\t\t\t\t<\/div>\n\t\t\t\t<\/div>\n\t\t\t\t\t<\/div>\n\t\t<\/div>\n\t\t\t\t<div class=\"elementor-column elementor-col-50 elementor-inner-column elementor-element elementor-element-065c890\" data-id=\"065c890\" data-element_type=\"column\">\n\t\t\t<div class=\"elementor-widget-wrap elementor-element-populated\">\n\t\t\t\t\t\t<div class=\"elementor-element elementor-element-885414f elementor-widget elementor-widget-heading\" data-id=\"885414f\" data-element_type=\"widget\" data-widget_type=\"heading.default\">\n\t\t\t\t<div class=\"elementor-widget-container\">\n\t\t\t\t\t<h2 class=\"elementor-heading-title elementor-size-medium\">Bauarbeiten \/ Innenarchitektur<\/h2>\t\t\t\t<\/div>\n\t\t\t\t<\/div>\n\t\t\t\t<div class=\"elementor-element elementor-element-7a2a2fe elementor-widget elementor-widget-text-editor\" data-id=\"7a2a2fe\" data-element_type=\"widget\" data-widget_type=\"text-editor.default\">\n\t\t\t\t<div class=\"elementor-widget-container\">\n\t\t\t\t\t\t\t\t\t<ul><li style=\"text-align: justify;\">Beratung bei der Durchf\u00fchrbarkeit und \u00dcberwachung von Projekten, Arbeiten und Renovierungen<\/li><li style=\"text-align: justify;\">Unterst\u00fctzung bei der Bearbeitung von Genehmigungen<\/li><li style=\"text-align: justify;\">Durchf\u00fchrung und \u00dcberwachung von vorbeugenden, leitenden und reparativen Instandhaltungsverfahren.<\/li><li style=\"text-align: justify;\">Kontrolle der Ausf\u00fchrung der Instandhaltung gem\u00e4\u00df den geltenden Vorschriften und Kontrolle der gesetzlichen Inspektionen.<\/li><\/ul>\t\t\t\t\t\t\t\t<\/div>\n\t\t\t\t<\/div>\n\t\t\t\t\t<\/div>\n\t\t<\/div>\n\t\t\t\t\t<\/div>\n\t\t<\/section>\n\t\t\t\t\t<\/div>\n\t\t<\/div>\n\t\t\t\t\t<\/div>\n\t\t<\/section>\n\t\t\t\t<\/div>\n\t\t","protected":false},"excerpt":{"rendered":"<p>\u00dcber Uns &#8211; Wir sind BYPILLOW Bei BYPILLOW sind wir stolz darauf, als Pioniere im Bereich der Boutique-Hostels zu gelten. Unser innovatives Management- oder Mietmodell hebt die Qualit\u00e4t touristischer Unterk\u00fcnfte, insbesondere von Hostels, Pensionen und Boutique-Hotels, auf ein neues Niveau. Unser Geheimnis? Eine ganzheitliche Verbesserung, die sowohl das Angebot als auch das kommerzielle und wirtschaftliche [&hellip;]<\/p>\n","protected":false},"author":2,"featured_media":0,"parent":0,"menu_order":0,"comment_status":"closed","ping_status":"closed","template":"elementor_theme","meta":{"_acf_changed":false,"site-sidebar-layout":"default","site-content-layout":"","ast-site-content-layout":"default","site-content-style":"default","site-sidebar-style":"default","ast-global-header-display":"","ast-banner-title-visibility":"","ast-main-header-display":"","ast-hfb-above-header-display":"","ast-hfb-below-header-display":"","ast-hfb-mobile-header-display":"","site-post-title":"","ast-breadcrumbs-content":"","ast-featured-img":"","footer-sml-layout":"","theme-transparent-header-meta":"","adv-header-id-meta":"","stick-header-meta":"","header-above-stick-meta":"","header-main-stick-meta":"","header-below-stick-meta":"","astra-migrate-meta-layouts":"set","ast-page-background-enabled":"default","ast-page-background-meta":{"desktop":{"background-color":"","background-image":"","background-repeat":"repeat","background-position":"center center","background-size":"auto","background-attachment":"scroll","background-type":"","background-media":"","overlay-type":"","overlay-color":"","overlay-opacity":"","overlay-gradient":""},"tablet":{"background-color":"","background-image":"","background-repeat":"repeat","background-position":"center center","background-size":"auto","background-attachment":"scroll","background-type":"","background-media":"","overlay-type":"","overlay-color":"","overlay-opacity":"","overlay-gradient":""},"mobile":{"background-color":"","background-image":"","background-repeat":"repeat","background-position":"center center","background-size":"auto","background-attachment":"scroll","background-type":"","background-media":"","overlay-type":"","overlay-color":"","overlay-opacity":"","overlay-gradient":""}},"ast-content-background-meta":{"desktop":{"background-color":"var(--ast-global-color-5)","background-image":"","background-repeat":"repeat","background-position":"center center","background-size":"auto","background-attachment":"scroll","background-type":"","background-media":"","overlay-type":"","overlay-color":"","overlay-opacity":"","overlay-gradient":""},"tablet":{"background-color":"var(--ast-global-color-5)","background-image":"","background-repeat":"repeat","background-position":"center center","background-size":"auto","background-attachment":"scroll","background-type":"","background-media":"","overlay-type":"","overlay-color":"","overlay-opacity":"","overlay-gradient":""},"mobile":{"background-color":"var(--ast-global-color-5)","background-image":"","background-repeat":"repeat","background-position":"center center","background-size":"auto","background-attachment":"scroll","background-type":"","background-media":"","overlay-type":"","overlay-color":"","overlay-opacity":"","overlay-gradient":""}},"footnotes":""},"class_list":["post-51729","page","type-page","status-publish","hentry"],"acf":[],"_links":{"self":[{"href":"https:\/\/www.bypillow.com\/de\/wp-json\/wp\/v2\/pages\/51729","targetHints":{"allow":["GET"]}}],"collection":[{"href":"https:\/\/www.bypillow.com\/de\/wp-json\/wp\/v2\/pages"}],"about":[{"href":"https:\/\/www.bypillow.com\/de\/wp-json\/wp\/v2\/types\/page"}],"author":[{"embeddable":true,"href":"https:\/\/www.bypillow.com\/de\/wp-json\/wp\/v2\/users\/2"}],"replies":[{"embeddable":true,"href":"https:\/\/www.bypillow.com\/de\/wp-json\/wp\/v2\/comments?post=51729"}],"version-history":[{"count":0,"href":"https:\/\/www.bypillow.com\/de\/wp-json\/wp\/v2\/pages\/51729\/revisions"}],"wp:attachment":[{"href":"https:\/\/www.bypillow.com\/de\/wp-json\/wp\/v2\/media?parent=51729"}],"curies":[{"name":"wp","href":"https:\/\/api.w.org\/{rel}","templated":true}]}}